{"id":961,"date":"2017-02-27T23:40:58","date_gmt":"2017-02-27T22:40:58","guid":{"rendered":"http:\/\/chroniquesdechasse.fr\/?page_id=961"},"modified":"2017-02-28T13:13:28","modified_gmt":"2017-02-28T12:13:28","slug":"peche-a-la-mouche","status":"publish","type":"page","link":"https:\/\/chroniquesdechasse.fr\/?page_id=961","title":{"rendered":"P\u00eache \u00e0 la Mouche"},"content":{"rendered":"<p style=\"text-align: left;\">Et quelques journ\u00e9es de P\u00eache \u00e0 la Mouche!<\/p>\n<figure id=\"attachment_1108\" aria-describedby=\"caption-attachment-1108\" style=\"width: 150px\" class=\"wp-caption alignleft\"><a href=\"http:\/\/chroniquesdechasse.fr\/?page_id=1120\"><img loading=\"lazy\" class=\"wp-image-1108 size-thumbnail\" src=\"http:\/\/chroniquesdechasse.fr\/wp-content\/uploads\/2017\/02\/210350619_e544f1ca-88e6-49ef-9d7b-7d17947adfe8-150x150.jpg\" width=\"150\" height=\"150\" srcset=\"https:\/\/chroniquesdechasse.fr\/wp-content\/uploads\/2017\/02\/210350619_e544f1ca-88e6-49ef-9d7b-7d17947adfe8-150x150.jpg 150w, https:\/\/chroniquesdechasse.fr\/wp-content\/uploads\/2017\/02\/210350619_e544f1ca-88e6-49ef-9d7b-7d17947adfe8-300x300.jpg 300w, https:\/\/chroniquesdechasse.fr\/wp-content\/uploads\/2017\/02\/210350619_e544f1ca-88e6-49ef-9d7b-7d17947adfe8-768x768.jpg 768w, https:\/\/chroniquesdechasse.fr\/wp-content\/uploads\/2017\/02\/210350619_e544f1ca-88e6-49ef-9d7b-7d17947adfe8-1024x1024.jpg 1024w, https:\/\/chroniquesdechasse.fr\/wp-content\/uploads\/2017\/02\/210350619_e544f1ca-88e6-49ef-9d7b-7d17947adfe8-230x230.jpg 230w, https:\/\/chroniquesdechasse.fr\/wp-content\/uploads\/2017\/02\/210350619_e544f1ca-88e6-49ef-9d7b-7d17947adfe8-365x365.jpg 365w, https:\/\/chroniquesdechasse.fr\/wp-content\/uploads\/2017\/02\/210350619_e544f1ca-88e6-49ef-9d7b-7d17947adfe8.jpg 1080w\" sizes=\"(max-width: 150px) 100vw, 150px\" \/><\/a><figcaption id=\"caption-attachment-1108\" class=\"wp-caption-text\">Domaine de Coyolles entre amis<\/figcaption><\/figure>\n<figure id=\"attachment_1107\" aria-describedby=\"caption-attachment-1107\" style=\"width: 150px\" class=\"wp-caption alignleft\"><a href=\"http:\/\/chroniquesdechasse.fr\/?page_id=1183\"><img loading=\"lazy\" class=\"wp-image-1107 size-thumbnail\" src=\"http:\/\/chroniquesdechasse.fr\/wp-content\/uploads\/2017\/02\/210350619_909744b1-2a91-4978-b78b-5b80972cad3f-150x150.jpg\" width=\"150\" height=\"150\" srcset=\"https:\/\/chroniquesdechasse.fr\/wp-content\/uploads\/2017\/02\/210350619_909744b1-2a91-4978-b78b-5b80972cad3f-150x150.jpg 150w, https:\/\/chroniquesdechasse.fr\/wp-content\/uploads\/2017\/02\/210350619_909744b1-2a91-4978-b78b-5b80972cad3f-300x300.jpg 300w, https:\/\/chroniquesdechasse.fr\/wp-content\/uploads\/2017\/02\/210350619_909744b1-2a91-4978-b78b-5b80972cad3f-768x768.jpg 768w, https:\/\/chroniquesdechasse.fr\/wp-content\/uploads\/2017\/02\/210350619_909744b1-2a91-4978-b78b-5b80972cad3f-1024x1024.jpg 1024w, https:\/\/chroniquesdechasse.fr\/wp-content\/uploads\/2017\/02\/210350619_909744b1-2a91-4978-b78b-5b80972cad3f-230x230.jpg 230w, https:\/\/chroniquesdechasse.fr\/wp-content\/uploads\/2017\/02\/210350619_909744b1-2a91-4978-b78b-5b80972cad3f-365x365.jpg 365w, https:\/\/chroniquesdechasse.fr\/wp-content\/uploads\/2017\/02\/210350619_909744b1-2a91-4978-b78b-5b80972cad3f.jpg 1080w\" sizes=\"(max-width: 150px) 100vw, 150px\" \/><\/a><figcaption id=\"caption-attachment-1107\" class=\"wp-caption-text\">Moulin de la Chaise Dieu du Theil, seul.<\/figcaption><\/figure>\n","protected":false},"excerpt":{"rendered":"<p>Et quelques journ\u00e9es de P\u00eache \u00e0 la Mouche!<\/p>\n","protected":false},"author":1,"featured_media":0,"parent":36,"menu_order":0,"comment_status":"closed","ping_status":"closed","template":"","meta":[],"_links":{"self":[{"href":"https:\/\/chroniquesdechasse.fr\/index.php?rest_route=\/wp\/v2\/pages\/961"}],"collection":[{"href":"https:\/\/chroniquesdechasse.fr\/index.php?rest_route=\/wp\/v2\/pages"}],"about":[{"href":"https:\/\/chroniquesdechasse.fr\/index.php?rest_route=\/wp\/v2\/types\/page"}],"author":[{"embeddable":true,"href":"https:\/\/chroniquesdechasse.fr\/index.php?rest_route=\/wp\/v2\/users\/1"}],"replies":[{"embeddable":true,"href":"https:\/\/chroniquesdechasse.fr\/index.php?rest_route=%2Fwp%2Fv2%2Fcomments&post=961"}],"version-history":[{"count":14,"href":"https:\/\/chroniquesdechasse.fr\/index.php?rest_route=\/wp\/v2\/pages\/961\/revisions"}],"predecessor-version":[{"id":1245,"href":"https:\/\/chroniquesdechasse.fr\/index.php?rest_route=\/wp\/v2\/pages\/961\/revisions\/1245"}],"up":[{"embeddable":true,"href":"https:\/\/chroniquesdechasse.fr\/index.php?rest_route=\/wp\/v2\/pages\/36"}],"wp:attachment":[{"href":"https:\/\/chroniquesdechasse.fr\/index.php?rest_route=%2Fwp%2Fv2%2Fmedia&parent=961"}],"curies":[{"name":"wp","href":"https:\/\/api.w.org\/{rel}","templated":true}]}}