{"id":8,"date":"2017-01-17T18:56:08","date_gmt":"2017-01-17T17:56:08","guid":{"rendered":"http:\/\/chroniquesdechasse.fr\/?page_id=8"},"modified":"2017-06-29T22:43:17","modified_gmt":"2017-06-29T20:43:17","slug":"a-propos-de","status":"publish","type":"page","link":"https:\/\/chroniquesdechasse.fr\/?page_id=8","title":{"rendered":"\u00c0 propos de"},"content":{"rendered":"<div id='gallery-1' class='gallery galleryid-8 gallery-columns-5 gallery-size-medium'><figure class='gallery-item'>\n\t\t\t<div class='gallery-icon landscape'>\n\t\t\t\t<a href='https:\/\/chroniquesdechasse.fr\/wp-content\/uploads\/2017\/01\/IMG_9236.jpg' title=\"\" data-rl_title=\"\" class=\"rl-gallery-link\" data-rl_caption=\"\" data-rel=\"lightbox-gallery-1\"><img width=\"300\" height=\"300\" src=\"https:\/\/chroniquesdechasse.fr\/wp-content\/uploads\/2017\/01\/IMG_9236-300x300.jpg\" class=\"attachment-medium size-medium\" alt=\"\" loading=\"lazy\" srcset=\"https:\/\/chroniquesdechasse.fr\/wp-content\/uploads\/2017\/01\/IMG_9236-300x300.jpg 300w, https:\/\/chroniquesdechasse.fr\/wp-content\/uploads\/2017\/01\/IMG_9236-150x150.jpg 150w, https:\/\/chroniquesdechasse.fr\/wp-content\/uploads\/2017\/01\/IMG_9236-768x767.jpg 768w, https:\/\/chroniquesdechasse.fr\/wp-content\/uploads\/2017\/01\/IMG_9236-1024x1022.jpg 1024w, https:\/\/chroniquesdechasse.fr\/wp-content\/uploads\/2017\/01\/IMG_9236-230x230.jpg 230w, https:\/\/chroniquesdechasse.fr\/wp-content\/uploads\/2017\/01\/IMG_9236-365x365.jpg 365w\" sizes=\"(max-width: 300px) 100vw, 300px\" \/><\/a>\n\t\t\t<\/div><\/figure><figure class='gallery-item'>\n\t\t\t<div class='gallery-icon landscape'>\n\t\t\t\t<a href='https:\/\/chroniquesdechasse.fr\/wp-content\/uploads\/2017\/01\/IMG_5744.jpg' title=\"\" data-rl_title=\"\" class=\"rl-gallery-link\" data-rl_caption=\"\" data-rel=\"lightbox-gallery-1\"><img width=\"300\" height=\"300\" src=\"https:\/\/chroniquesdechasse.fr\/wp-content\/uploads\/2017\/01\/IMG_5744-300x300.jpg\" class=\"attachment-medium size-medium\" alt=\"\" loading=\"lazy\" srcset=\"https:\/\/chroniquesdechasse.fr\/wp-content\/uploads\/2017\/01\/IMG_5744-300x300.jpg 300w, https:\/\/chroniquesdechasse.fr\/wp-content\/uploads\/2017\/01\/IMG_5744-150x150.jpg 150w, https:\/\/chroniquesdechasse.fr\/wp-content\/uploads\/2017\/01\/IMG_5744-768x768.jpg 768w, https:\/\/chroniquesdechasse.fr\/wp-content\/uploads\/2017\/01\/IMG_5744-1024x1024.jpg 1024w, https:\/\/chroniquesdechasse.fr\/wp-content\/uploads\/2017\/01\/IMG_5744-100x100.jpg 100w, https:\/\/chroniquesdechasse.fr\/wp-content\/uploads\/2017\/01\/IMG_5744.jpg 1993w\" sizes=\"(max-width: 300px) 100vw, 300px\" \/><\/a>\n\t\t\t<\/div><\/figure><figure class='gallery-item'>\n\t\t\t<div class='gallery-icon landscape'>\n\t\t\t\t<a href='https:\/\/chroniquesdechasse.fr\/wp-content\/uploads\/2017\/01\/210350619_1e952c5a-5d67-41d3-a2ad-c0a5988a224c.jpg' title=\"\" data-rl_title=\"\" class=\"rl-gallery-link\" data-rl_caption=\"\" data-rel=\"lightbox-gallery-1\"><img width=\"300\" height=\"300\" src=\"https:\/\/chroniquesdechasse.fr\/wp-content\/uploads\/2017\/01\/210350619_1e952c5a-5d67-41d3-a2ad-c0a5988a224c-300x300.jpg\" class=\"attachment-medium size-medium\" alt=\"\" loading=\"lazy\" srcset=\"https:\/\/chroniquesdechasse.fr\/wp-content\/uploads\/2017\/01\/210350619_1e952c5a-5d67-41d3-a2ad-c0a5988a224c-300x300.jpg 300w, https:\/\/chroniquesdechasse.fr\/wp-content\/uploads\/2017\/01\/210350619_1e952c5a-5d67-41d3-a2ad-c0a5988a224c-150x150.jpg 150w, https:\/\/chroniquesdechasse.fr\/wp-content\/uploads\/2017\/01\/210350619_1e952c5a-5d67-41d3-a2ad-c0a5988a224c.jpg 640w\" sizes=\"(max-width: 300px) 100vw, 300px\" \/><\/a>\n\t\t\t<\/div><\/figure><figure class='gallery-item'>\n\t\t\t<div class='gallery-icon landscape'>\n\t\t\t\t<a href='https:\/\/chroniquesdechasse.fr\/wp-content\/uploads\/2017\/01\/IMG_5208.jpg' title=\"\" data-rl_title=\"\" class=\"rl-gallery-link\" data-rl_caption=\"\" data-rel=\"lightbox-gallery-1\"><img width=\"300\" height=\"237\" src=\"https:\/\/chroniquesdechasse.fr\/wp-content\/uploads\/2017\/01\/IMG_5208-300x237.jpg\" class=\"attachment-medium size-medium\" alt=\"\" loading=\"lazy\" srcset=\"https:\/\/chroniquesdechasse.fr\/wp-content\/uploads\/2017\/01\/IMG_5208-300x237.jpg 300w, https:\/\/chroniquesdechasse.fr\/wp-content\/uploads\/2017\/01\/IMG_5208-768x608.jpg 768w, https:\/\/chroniquesdechasse.fr\/wp-content\/uploads\/2017\/01\/IMG_5208-1024x810.jpg 1024w, https:\/\/chroniquesdechasse.fr\/wp-content\/uploads\/2017\/01\/IMG_5208.jpg 1213w\" sizes=\"(max-width: 300px) 100vw, 300px\" \/><\/a>\n\t\t\t<\/div><\/figure><figure class='gallery-item'>\n\t\t\t<div class='gallery-icon landscape'>\n\t\t\t\t<a href='https:\/\/chroniquesdechasse.fr\/wp-content\/uploads\/2017\/01\/210350619_8942ba1c-25e5-4a0e-a9f0-dd8a572ceace.jpg' title=\"\" data-rl_title=\"\" class=\"rl-gallery-link\" data-rl_caption=\"\" data-rel=\"lightbox-gallery-1\"><img width=\"300\" height=\"300\" src=\"https:\/\/chroniquesdechasse.fr\/wp-content\/uploads\/2017\/01\/210350619_8942ba1c-25e5-4a0e-a9f0-dd8a572ceace-300x300.jpg\" class=\"attachment-medium size-medium\" alt=\"\" loading=\"lazy\" srcset=\"https:\/\/chroniquesdechasse.fr\/wp-content\/uploads\/2017\/01\/210350619_8942ba1c-25e5-4a0e-a9f0-dd8a572ceace-300x300.jpg 300w, https:\/\/chroniquesdechasse.fr\/wp-content\/uploads\/2017\/01\/210350619_8942ba1c-25e5-4a0e-a9f0-dd8a572ceace-150x150.jpg 150w, https:\/\/chroniquesdechasse.fr\/wp-content\/uploads\/2017\/01\/210350619_8942ba1c-25e5-4a0e-a9f0-dd8a572ceace-768x768.jpg 768w, https:\/\/chroniquesdechasse.fr\/wp-content\/uploads\/2017\/01\/210350619_8942ba1c-25e5-4a0e-a9f0-dd8a572ceace-1024x1024.jpg 1024w, https:\/\/chroniquesdechasse.fr\/wp-content\/uploads\/2017\/01\/210350619_8942ba1c-25e5-4a0e-a9f0-dd8a572ceace.jpg 1080w\" sizes=\"(max-width: 300px) 100vw, 300px\" \/><\/a>\n\t\t\t<\/div><\/figure>\n\t\t<\/div>\n\n<p>Romain. Chasseur en France. Essentiellement dans l&#8217;Eure,\u00a0dans le\u00a0Val d&#8217;Oise et parfois en Seine-et-Marne. Chasseur mais meilleur photographe que tireur!<\/p>\n<p>Equipement :<\/p>\n<ul>\n<li><strong>Chapuis juxtapos\u00e9 RGP \u00e0 platines<\/strong>, calibre 12,<\/li>\n<li><strong>Sauer 200 en 9.3*62<\/strong> pour le Grand Gibier &amp; d\u00e8s la saison 2017\/18 une jolie <strong>Blaser R8 SuperLuxe\/Ambassador en 30-06<\/strong>,<\/li>\n<li>Poignard <strong>Buck<\/strong>,<\/li>\n<li>et un <strong>Reflex Canon 500D<\/strong> avec des objectifs 18*500 et 70*300.<\/li>\n<\/ul>\n<div id='gallery-2' class='gallery galleryid-8 gallery-columns-5 gallery-size-medium'><figure class='gallery-item'>\n\t\t\t<div class='gallery-icon landscape'>\n\t\t\t\t<a href='https:\/\/chroniquesdechasse.fr\/wp-content\/uploads\/2017\/01\/210350619_9317cba6-8d0c-4431-b220-814a5179aa98.jpg' title=\"\" data-rl_title=\"\" class=\"rl-gallery-link\" data-rl_caption=\"\" data-rel=\"lightbox-gallery-2\"><img width=\"300\" height=\"300\" src=\"https:\/\/chroniquesdechasse.fr\/wp-content\/uploads\/2017\/01\/210350619_9317cba6-8d0c-4431-b220-814a5179aa98-300x300.jpg\" class=\"attachment-medium size-medium\" alt=\"\" loading=\"lazy\" srcset=\"https:\/\/chroniquesdechasse.fr\/wp-content\/uploads\/2017\/01\/210350619_9317cba6-8d0c-4431-b220-814a5179aa98-300x300.jpg 300w, https:\/\/chroniquesdechasse.fr\/wp-content\/uploads\/2017\/01\/210350619_9317cba6-8d0c-4431-b220-814a5179aa98-150x150.jpg 150w, https:\/\/chroniquesdechasse.fr\/wp-content\/uploads\/2017\/01\/210350619_9317cba6-8d0c-4431-b220-814a5179aa98-768x768.jpg 768w, https:\/\/chroniquesdechasse.fr\/wp-content\/uploads\/2017\/01\/210350619_9317cba6-8d0c-4431-b220-814a5179aa98-1024x1024.jpg 1024w, https:\/\/chroniquesdechasse.fr\/wp-content\/uploads\/2017\/01\/210350619_9317cba6-8d0c-4431-b220-814a5179aa98.jpg 1080w\" sizes=\"(max-width: 300px) 100vw, 300px\" \/><\/a>\n\t\t\t<\/div><\/figure><figure class='gallery-item'>\n\t\t\t<div class='gallery-icon landscape'>\n\t\t\t\t<a href='https:\/\/chroniquesdechasse.fr\/wp-content\/uploads\/2017\/01\/210350619_5198ff36-948c-4cda-8ccf-0fd23988ac69.jpg' title=\"\" data-rl_title=\"\" class=\"rl-gallery-link\" data-rl_caption=\"\" data-rel=\"lightbox-gallery-2\"><img width=\"300\" height=\"300\" src=\"https:\/\/chroniquesdechasse.fr\/wp-content\/uploads\/2017\/01\/210350619_5198ff36-948c-4cda-8ccf-0fd23988ac69-300x300.jpg\" class=\"attachment-medium size-medium\" alt=\"\" loading=\"lazy\" srcset=\"https:\/\/chroniquesdechasse.fr\/wp-content\/uploads\/2017\/01\/210350619_5198ff36-948c-4cda-8ccf-0fd23988ac69-300x300.jpg 300w, https:\/\/chroniquesdechasse.fr\/wp-content\/uploads\/2017\/01\/210350619_5198ff36-948c-4cda-8ccf-0fd23988ac69-150x150.jpg 150w, https:\/\/chroniquesdechasse.fr\/wp-content\/uploads\/2017\/01\/210350619_5198ff36-948c-4cda-8ccf-0fd23988ac69.jpg 640w\" sizes=\"(max-width: 300px) 100vw, 300px\" \/><\/a>\n\t\t\t<\/div><\/figure><figure class='gallery-item'>\n\t\t\t<div class='gallery-icon landscape'>\n\t\t\t\t<a href='https:\/\/chroniquesdechasse.fr\/wp-content\/uploads\/2017\/01\/210350619_32a6592e-2820-4ef5-bb57-e6c4fe13e9cf.jpg' title=\"\" data-rl_title=\"\" class=\"rl-gallery-link\" data-rl_caption=\"\" data-rel=\"lightbox-gallery-2\"><img width=\"300\" height=\"300\" src=\"https:\/\/chroniquesdechasse.fr\/wp-content\/uploads\/2017\/01\/210350619_32a6592e-2820-4ef5-bb57-e6c4fe13e9cf-300x300.jpg\" class=\"attachment-medium size-medium\" alt=\"\" loading=\"lazy\" srcset=\"https:\/\/chroniquesdechasse.fr\/wp-content\/uploads\/2017\/01\/210350619_32a6592e-2820-4ef5-bb57-e6c4fe13e9cf-300x300.jpg 300w, https:\/\/chroniquesdechasse.fr\/wp-content\/uploads\/2017\/01\/210350619_32a6592e-2820-4ef5-bb57-e6c4fe13e9cf-150x150.jpg 150w, https:\/\/chroniquesdechasse.fr\/wp-content\/uploads\/2017\/01\/210350619_32a6592e-2820-4ef5-bb57-e6c4fe13e9cf.jpg 612w\" sizes=\"(max-width: 300px) 100vw, 300px\" \/><\/a>\n\t\t\t<\/div><\/figure><figure class='gallery-item'>\n\t\t\t<div class='gallery-icon landscape'>\n\t\t\t\t<a href='https:\/\/chroniquesdechasse.fr\/wp-content\/uploads\/2017\/01\/210350619_58dba99f-f44e-4e58-8214-93b36377504d.jpg' title=\"\" data-rl_title=\"\" class=\"rl-gallery-link\" data-rl_caption=\"\" data-rel=\"lightbox-gallery-2\"><img width=\"300\" height=\"300\" src=\"https:\/\/chroniquesdechasse.fr\/wp-content\/uploads\/2017\/01\/210350619_58dba99f-f44e-4e58-8214-93b36377504d-300x300.jpg\" class=\"attachment-medium size-medium\" alt=\"\" loading=\"lazy\" srcset=\"https:\/\/chroniquesdechasse.fr\/wp-content\/uploads\/2017\/01\/210350619_58dba99f-f44e-4e58-8214-93b36377504d-300x300.jpg 300w, https:\/\/chroniquesdechasse.fr\/wp-content\/uploads\/2017\/01\/210350619_58dba99f-f44e-4e58-8214-93b36377504d-150x150.jpg 150w, https:\/\/chroniquesdechasse.fr\/wp-content\/uploads\/2017\/01\/210350619_58dba99f-f44e-4e58-8214-93b36377504d-768x768.jpg 768w, https:\/\/chroniquesdechasse.fr\/wp-content\/uploads\/2017\/01\/210350619_58dba99f-f44e-4e58-8214-93b36377504d-1024x1024.jpg 1024w, https:\/\/chroniquesdechasse.fr\/wp-content\/uploads\/2017\/01\/210350619_58dba99f-f44e-4e58-8214-93b36377504d.jpg 1080w\" sizes=\"(max-width: 300px) 100vw, 300px\" \/><\/a>\n\t\t\t<\/div><\/figure><figure class='gallery-item'>\n\t\t\t<div class='gallery-icon landscape'>\n\t\t\t\t<a href='https:\/\/chroniquesdechasse.fr\/wp-content\/uploads\/2017\/01\/210350619_6f128c2f-3911-40cb-afef-5d4cc912d122.jpg' title=\"\" data-rl_title=\"\" class=\"rl-gallery-link\" data-rl_caption=\"\" data-rel=\"lightbox-gallery-2\"><img width=\"300\" height=\"300\" src=\"https:\/\/chroniquesdechasse.fr\/wp-content\/uploads\/2017\/01\/210350619_6f128c2f-3911-40cb-afef-5d4cc912d122-300x300.jpg\" class=\"attachment-medium size-medium\" alt=\"\" loading=\"lazy\" srcset=\"https:\/\/chroniquesdechasse.fr\/wp-content\/uploads\/2017\/01\/210350619_6f128c2f-3911-40cb-afef-5d4cc912d122-300x300.jpg 300w, https:\/\/chroniquesdechasse.fr\/wp-content\/uploads\/2017\/01\/210350619_6f128c2f-3911-40cb-afef-5d4cc912d122-150x150.jpg 150w, https:\/\/chroniquesdechasse.fr\/wp-content\/uploads\/2017\/01\/210350619_6f128c2f-3911-40cb-afef-5d4cc912d122.jpg 612w\" sizes=\"(max-width: 300px) 100vw, 300px\" \/><\/a>\n\t\t\t<\/div><\/figure>\n\t\t<\/div>\n\n","protected":false},"excerpt":{"rendered":"<p>Romain. Chasseur en France. Essentiellement dans l&#8217;Eure,\u00a0dans le\u00a0Val d&#8217;Oise et parfois en Seine-et-Marne. Chasseur mais meilleur photographe que tireur! Equipement : Chapuis juxtapos\u00e9 RGP \u00e0 platines, calibre 12, Sauer 200 en 9.3*62 pour le Grand Gibier &amp; d\u00e8s la saison<\/p>\n","protected":false},"author":1,"featured_media":717,"parent":0,"menu_order":0,"comment_status":"closed","ping_status":"closed","template":"","meta":[],"_links":{"self":[{"href":"https:\/\/chroniquesdechasse.fr\/index.php?rest_route=\/wp\/v2\/pages\/8"}],"collection":[{"href":"https:\/\/chroniquesdechasse.fr\/index.php?rest_route=\/wp\/v2\/pages"}],"about":[{"href":"https:\/\/chroniquesdechasse.fr\/index.php?rest_route=\/wp\/v2\/types\/page"}],"author":[{"embeddable":true,"href":"https:\/\/chroniquesdechasse.fr\/index.php?rest_route=\/wp\/v2\/users\/1"}],"replies":[{"embeddable":true,"href":"https:\/\/chroniquesdechasse.fr\/index.php?rest_route=%2Fwp%2Fv2%2Fcomments&post=8"}],"version-history":[{"count":19,"href":"https:\/\/chroniquesdechasse.fr\/index.php?rest_route=\/wp\/v2\/pages\/8\/revisions"}],"predecessor-version":[{"id":11141,"href":"https:\/\/chroniquesdechasse.fr\/index.php?rest_route=\/wp\/v2\/pages\/8\/revisions\/11141"}],"wp:featuredmedia":[{"embeddable":true,"href":"https:\/\/chroniquesdechasse.fr\/index.php?rest_route=\/wp\/v2\/media\/717"}],"wp:attachment":[{"href":"https:\/\/chroniquesdechasse.fr\/index.php?rest_route=%2Fwp%2Fv2%2Fmedia&parent=8"}],"curies":[{"name":"wp","href":"https:\/\/api.w.org\/{rel}","templated":true}]}}