{"id":37,"date":"2017-01-18T00:56:30","date_gmt":"2017-01-17T23:56:30","guid":{"rendered":"http:\/\/chroniquesdechasse.fr\/?page_id=37"},"modified":"2017-06-28T23:11:17","modified_gmt":"2017-06-28T21:11:17","slug":"cuisine","status":"publish","type":"page","link":"https:\/\/chroniquesdechasse.fr\/?page_id=37","title":{"rendered":"Cuisine"},"content":{"rendered":"<p>Quelques id\u00e9es de <strong>recettes avec la venaison issue de nos chasses<\/strong> avec mon P\u00e8re : terrine, civet, daube, r\u00f4ti de filet mignon, \u00e9paule au four, mijot\u00e9s etc.<\/p>\n<p><strong>Avec desserts associ\u00e9s<\/strong>!<\/p>\n<figure id=\"attachment_11111\" aria-describedby=\"caption-attachment-11111\" style=\"width: 150px\" class=\"wp-caption alignleft\"><a href=\"http:\/\/chroniquesdechasse.fr\/?page_id=945\"><img loading=\"lazy\" class=\"wp-image-11111 size-thumbnail\" src=\"http:\/\/chroniquesdechasse.fr\/wp-content\/uploads\/2017\/01\/Livre_Retour-de-chasse-150x150.jpg\" alt=\"\" width=\"150\" height=\"150\" srcset=\"https:\/\/chroniquesdechasse.fr\/wp-content\/uploads\/2017\/01\/Livre_Retour-de-chasse-150x150.jpg 150w, https:\/\/chroniquesdechasse.fr\/wp-content\/uploads\/2017\/01\/Livre_Retour-de-chasse-230x230.jpg 230w, https:\/\/chroniquesdechasse.fr\/wp-content\/uploads\/2017\/01\/Livre_Retour-de-chasse-365x365.jpg 365w\" sizes=\"(max-width: 150px) 100vw, 150px\" \/><\/a><figcaption id=\"caption-attachment-11111\" class=\"wp-caption-text\">Entr\u00e9es<\/figcaption><\/figure>\n<figure id=\"attachment_11111\" aria-describedby=\"caption-attachment-11111\" style=\"width: 150px\" class=\"wp-caption alignleft\"><a href=\"http:\/\/chroniquesdechasse.fr\/?page_id=948\"><img loading=\"lazy\" class=\"wp-image-11111 size-thumbnail\" src=\"http:\/\/chroniquesdechasse.fr\/wp-content\/uploads\/2017\/01\/Livre_Retour-de-chasse-150x150.jpg\" alt=\"\" width=\"150\" height=\"150\" srcset=\"https:\/\/chroniquesdechasse.fr\/wp-content\/uploads\/2017\/01\/Livre_Retour-de-chasse-150x150.jpg 150w, https:\/\/chroniquesdechasse.fr\/wp-content\/uploads\/2017\/01\/Livre_Retour-de-chasse-230x230.jpg 230w, https:\/\/chroniquesdechasse.fr\/wp-content\/uploads\/2017\/01\/Livre_Retour-de-chasse-365x365.jpg 365w\" sizes=\"(max-width: 150px) 100vw, 150px\" \/><\/a><figcaption id=\"caption-attachment-11111\" class=\"wp-caption-text\">Plats Principaux<\/figcaption><\/figure>\n<figure id=\"attachment_11111\" aria-describedby=\"caption-attachment-11111\" style=\"width: 150px\" class=\"wp-caption alignleft\"><a href=\"http:\/\/chroniquesdechasse.fr\/?page_id=950\"><img loading=\"lazy\" class=\"wp-image-11111 size-thumbnail\" src=\"http:\/\/chroniquesdechasse.fr\/wp-content\/uploads\/2017\/01\/Livre_Retour-de-chasse-150x150.jpg\" alt=\"\" width=\"150\" height=\"150\" srcset=\"https:\/\/chroniquesdechasse.fr\/wp-content\/uploads\/2017\/01\/Livre_Retour-de-chasse-150x150.jpg 150w, https:\/\/chroniquesdechasse.fr\/wp-content\/uploads\/2017\/01\/Livre_Retour-de-chasse-230x230.jpg 230w, https:\/\/chroniquesdechasse.fr\/wp-content\/uploads\/2017\/01\/Livre_Retour-de-chasse-365x365.jpg 365w\" sizes=\"(max-width: 150px) 100vw, 150px\" \/><\/a><figcaption id=\"caption-attachment-11111\" class=\"wp-caption-text\">Desserts<\/figcaption><\/figure>\n<p>&nbsp;<\/p>\n","protected":false},"excerpt":{"rendered":"<p>Quelques id\u00e9es de recettes avec la venaison issue de nos chasses avec mon P\u00e8re : terrine, civet, daube, r\u00f4ti de filet mignon, \u00e9paule au four, mijot\u00e9s etc. Avec desserts associ\u00e9s! &nbsp;<\/p>\n","protected":false},"author":1,"featured_media":709,"parent":0,"menu_order":0,"comment_status":"closed","ping_status":"closed","template":"","meta":[],"_links":{"self":[{"href":"https:\/\/chroniquesdechasse.fr\/index.php?rest_route=\/wp\/v2\/pages\/37"}],"collection":[{"href":"https:\/\/chroniquesdechasse.fr\/index.php?rest_route=\/wp\/v2\/pages"}],"about":[{"href":"https:\/\/chroniquesdechasse.fr\/index.php?rest_route=\/wp\/v2\/types\/page"}],"author":[{"embeddable":true,"href":"https:\/\/chroniquesdechasse.fr\/index.php?rest_route=\/wp\/v2\/users\/1"}],"replies":[{"embeddable":true,"href":"https:\/\/chroniquesdechasse.fr\/index.php?rest_route=%2Fwp%2Fv2%2Fcomments&post=37"}],"version-history":[{"count":11,"href":"https:\/\/chroniquesdechasse.fr\/index.php?rest_route=\/wp\/v2\/pages\/37\/revisions"}],"predecessor-version":[{"id":11118,"href":"https:\/\/chroniquesdechasse.fr\/index.php?rest_route=\/wp\/v2\/pages\/37\/revisions\/11118"}],"wp:featuredmedia":[{"embeddable":true,"href":"https:\/\/chroniquesdechasse.fr\/index.php?rest_route=\/wp\/v2\/media\/709"}],"wp:attachment":[{"href":"https:\/\/chroniquesdechasse.fr\/index.php?rest_route=%2Fwp%2Fv2%2Fmedia&parent=37"}],"curies":[{"name":"wp","href":"https:\/\/api.w.org\/{rel}","templated":true}]}}