{"id":35,"date":"2017-01-18T00:56:30","date_gmt":"2017-01-17T23:56:30","guid":{"rendered":"http:\/\/chroniquesdechasse.fr\/?page_id=35"},"modified":"2017-06-28T23:12:46","modified_gmt":"2017-06-28T21:12:46","slug":"safari","status":"publish","type":"page","link":"https:\/\/chroniquesdechasse.fr\/?page_id=35","title":{"rendered":"Safari"},"content":{"rendered":"<p>Souvenirs d&#8217;un magnifique safari en Tanzanie en 2016.<\/p>\n<p>Diff\u00e9rentes \u00e9tapes dans ce p\u00e9riple :<\/p>\n<p>&#8211; le Parc du <a href=\"http:\/\/chroniquesdechasse.fr\/?page_id=55\"><strong>TARANGIRE<\/strong><\/a>,<\/p>\n<p>&#8211; le Lac <a href=\"http:\/\/chroniquesdechasse.fr\/?page_id=813\"><strong>MANYARA<\/strong><\/a>,<\/p>\n<p>&#8211; le Parc du <a href=\"http:\/\/chroniquesdechasse.fr\/?page_id=853\"><strong>SERENGETI<\/strong><\/a>,<\/p>\n<p>&#8211;\u00a0et le Crat\u00e8re du <a href=\"http:\/\/chroniquesdechasse.fr\/?page_id=891\"><strong>NGORONGORO<\/strong><\/a>.<\/p>\n","protected":false},"excerpt":{"rendered":"<p>Souvenirs d&#8217;un magnifique safari en Tanzanie en 2016. Diff\u00e9rentes \u00e9tapes dans ce p\u00e9riple : &#8211; le Parc du TARANGIRE, &#8211; le Lac MANYARA, &#8211; le Parc du SERENGETI, &#8211;\u00a0et le Crat\u00e8re du NGORONGORO.<\/p>\n","protected":false},"author":1,"featured_media":709,"parent":0,"menu_order":0,"comment_status":"closed","ping_status":"closed","template":"","meta":[],"_links":{"self":[{"href":"https:\/\/chroniquesdechasse.fr\/index.php?rest_route=\/wp\/v2\/pages\/35"}],"collection":[{"href":"https:\/\/chroniquesdechasse.fr\/index.php?rest_route=\/wp\/v2\/pages"}],"about":[{"href":"https:\/\/chroniquesdechasse.fr\/index.php?rest_route=\/wp\/v2\/types\/page"}],"author":[{"embeddable":true,"href":"https:\/\/chroniquesdechasse.fr\/index.php?rest_route=\/wp\/v2\/users\/1"}],"replies":[{"embeddable":true,"href":"https:\/\/chroniquesdechasse.fr\/index.php?rest_route=%2Fwp%2Fv2%2Fcomments&post=35"}],"version-history":[{"count":4,"href":"https:\/\/chroniquesdechasse.fr\/index.php?rest_route=\/wp\/v2\/pages\/35\/revisions"}],"predecessor-version":[{"id":944,"href":"https:\/\/chroniquesdechasse.fr\/index.php?rest_route=\/wp\/v2\/pages\/35\/revisions\/944"}],"wp:featuredmedia":[{"embeddable":true,"href":"https:\/\/chroniquesdechasse.fr\/index.php?rest_route=\/wp\/v2\/media\/709"}],"wp:attachment":[{"href":"https:\/\/chroniquesdechasse.fr\/index.php?rest_route=%2Fwp%2Fv2%2Fmedia&parent=35"}],"curies":[{"name":"wp","href":"https:\/\/api.w.org\/{rel}","templated":true}]}}