{"id":34,"date":"2017-01-18T00:56:30","date_gmt":"2017-01-17T23:56:30","guid":{"rendered":"http:\/\/chroniquesdechasse.fr\/?page_id=34"},"modified":"2022-09-26T21:59:05","modified_gmt":"2022-09-26T19:59:05","slug":"chasse","status":"publish","type":"page","link":"https:\/\/chroniquesdechasse.fr\/?page_id=34","title":{"rendered":"Chasse"},"content":{"rendered":"<p style=\"text-align: left;\"><strong>Page principale du site : tous mes souvenirs de chasse.<\/strong><\/p>\n<p style=\"text-align: left;\">Depuis mon 1er permis pour la saison 2008-2009, j&#8217;ai toujours pris des photos de toutes mes journ\u00e9es de chasse pour en faire des Chroniques et des albums souvenirs chaque ann\u00e9e. D&#8217;abord avec un appareil num\u00e9rique puis maintenant mon Reflex.<\/p>\n<p style=\"text-align: left;\">Plusieurs cat\u00e9gories:<\/p>\n<figure id=\"attachment_3613\" aria-describedby=\"caption-attachment-3613\" style=\"width: 150px\" class=\"wp-caption alignleft\"><a href=\"http:\/\/chroniquesdechasse.fr\/?page_id=1597\"><img loading=\"lazy\" class=\"wp-image-3613 size-thumbnail\" src=\"http:\/\/chroniquesdechasse.fr\/wp-content\/uploads\/2017\/01\/IMG_2633-150x150.jpg\" width=\"150\" height=\"150\" srcset=\"https:\/\/chroniquesdechasse.fr\/wp-content\/uploads\/2017\/01\/IMG_2633-150x150.jpg 150w, https:\/\/chroniquesdechasse.fr\/wp-content\/uploads\/2017\/01\/IMG_2633-230x230.jpg 230w, https:\/\/chroniquesdechasse.fr\/wp-content\/uploads\/2017\/01\/IMG_2633-365x365.jpg 365w\" sizes=\"(max-width: 150px) 100vw, 150px\" \/><\/a><figcaption id=\"caption-attachment-3613\" class=\"wp-caption-text\">La Chasse du Landel<\/figcaption><\/figure>\n<p>\u00a0<\/p>\n<figure id=\"attachment_3614\" aria-describedby=\"caption-attachment-3614\" style=\"width: 150px\" class=\"wp-caption alignleft\"><a href=\"http:\/\/chroniquesdechasse.fr\/?page_id=1595\"><img loading=\"lazy\" class=\"wp-image-3614 size-thumbnail\" src=\"http:\/\/chroniquesdechasse.fr\/wp-content\/uploads\/2017\/01\/IMG_1691-150x150.jpg\" width=\"150\" height=\"150\" srcset=\"https:\/\/chroniquesdechasse.fr\/wp-content\/uploads\/2017\/01\/IMG_1691-150x150.jpg 150w, https:\/\/chroniquesdechasse.fr\/wp-content\/uploads\/2017\/01\/IMG_1691-230x230.jpg 230w, https:\/\/chroniquesdechasse.fr\/wp-content\/uploads\/2017\/01\/IMG_1691-365x365.jpg 365w\" sizes=\"(max-width: 150px) 100vw, 150px\" \/><\/a><figcaption id=\"caption-attachment-3614\" class=\"wp-caption-text\">Chasse de US<\/figcaption><\/figure>\n<p>\u00a0<\/p>\n<figure id=\"attachment_3621\" aria-describedby=\"caption-attachment-3621\" style=\"width: 150px\" class=\"wp-caption alignleft\"><a href=\"http:\/\/chroniquesdechasse.fr\/?page_id=1593\"><img loading=\"lazy\" class=\"wp-image-3621 size-thumbnail\" src=\"http:\/\/chroniquesdechasse.fr\/wp-content\/uploads\/2017\/01\/IMG_1250-150x150.jpg\" width=\"150\" height=\"150\" srcset=\"https:\/\/chroniquesdechasse.fr\/wp-content\/uploads\/2017\/01\/IMG_1250-150x150.jpg 150w, https:\/\/chroniquesdechasse.fr\/wp-content\/uploads\/2017\/01\/IMG_1250-230x230.jpg 230w, https:\/\/chroniquesdechasse.fr\/wp-content\/uploads\/2017\/01\/IMG_1250-365x365.jpg 365w\" sizes=\"(max-width: 150px) 100vw, 150px\" \/><\/a><figcaption id=\"caption-attachment-3621\" class=\"wp-caption-text\">La Grenouill\u00e8re<\/figcaption><\/figure>\n<p>\u00a0<\/p>\n<figure id=\"attachment_3622\" aria-describedby=\"caption-attachment-3622\" style=\"width: 150px\" class=\"wp-caption alignleft\"><a href=\"http:\/\/chroniquesdechasse.fr\/?page_id=1591\"><img loading=\"lazy\" class=\"wp-image-3622 size-thumbnail\" src=\"http:\/\/chroniquesdechasse.fr\/wp-content\/uploads\/2017\/01\/IMG_7668-150x150.jpg\" width=\"150\" height=\"150\" srcset=\"https:\/\/chroniquesdechasse.fr\/wp-content\/uploads\/2017\/01\/IMG_7668-150x150.jpg 150w, https:\/\/chroniquesdechasse.fr\/wp-content\/uploads\/2017\/01\/IMG_7668-230x230.jpg 230w, https:\/\/chroniquesdechasse.fr\/wp-content\/uploads\/2017\/01\/IMG_7668-365x365.jpg 365w\" sizes=\"(max-width: 150px) 100vw, 150px\" \/><\/a><figcaption id=\"caption-attachment-3622\" class=\"wp-caption-text\">Domaines \/ S.Tasse<\/figcaption><\/figure>\n<p>\u00a0<\/p>\n<figure id=\"attachment_3623\" aria-describedby=\"caption-attachment-3623\" style=\"width: 150px\" class=\"wp-caption alignleft\"><a href=\"http:\/\/chroniquesdechasse.fr\/?page_id=1588\"><img loading=\"lazy\" class=\"wp-image-3623 size-thumbnail\" src=\"http:\/\/chroniquesdechasse.fr\/wp-content\/uploads\/2017\/01\/IMG_6096-150x150.jpg\" width=\"150\" height=\"150\" srcset=\"https:\/\/chroniquesdechasse.fr\/wp-content\/uploads\/2017\/01\/IMG_6096-150x150.jpg 150w, https:\/\/chroniquesdechasse.fr\/wp-content\/uploads\/2017\/01\/IMG_6096-230x230.jpg 230w, https:\/\/chroniquesdechasse.fr\/wp-content\/uploads\/2017\/01\/IMG_6096-365x365.jpg 365w\" sizes=\"(max-width: 150px) 100vw, 150px\" \/><\/a><figcaption id=\"caption-attachment-3623\" class=\"wp-caption-text\">Loiret et Sologne<\/figcaption><\/figure>\n<p>\u00a0<\/p>\n<figure id=\"attachment_3624\" aria-describedby=\"caption-attachment-3624\" style=\"width: 150px\" class=\"wp-caption alignleft\"><a href=\"http:\/\/chroniquesdechasse.fr\/?page_id=1586\"><img loading=\"lazy\" class=\"wp-image-3624 size-thumbnail\" src=\"http:\/\/chroniquesdechasse.fr\/wp-content\/uploads\/2017\/01\/IMG_2086-150x150.jpg\" width=\"150\" height=\"150\" srcset=\"https:\/\/chroniquesdechasse.fr\/wp-content\/uploads\/2017\/01\/IMG_2086-150x150.jpg 150w, https:\/\/chroniquesdechasse.fr\/wp-content\/uploads\/2017\/01\/IMG_2086-230x230.jpg 230w, https:\/\/chroniquesdechasse.fr\/wp-content\/uploads\/2017\/01\/IMG_2086-365x365.jpg 365w\" sizes=\"(max-width: 150px) 100vw, 150px\" \/><\/a><figcaption id=\"caption-attachment-3624\" class=\"wp-caption-text\">Chasses de &#8220;Jeunes&#8221;<\/figcaption><\/figure>\n<p>\u00a0<\/p>\n<figure id=\"attachment_3625\" aria-describedby=\"caption-attachment-3625\" style=\"width: 150px\" class=\"wp-caption alignleft\"><a href=\"http:\/\/chroniquesdechasse.fr\/?page_id=1584\"><img loading=\"lazy\" class=\"wp-image-3625 size-thumbnail\" src=\"http:\/\/chroniquesdechasse.fr\/wp-content\/uploads\/2017\/01\/IMG_3315-150x150.jpg\" width=\"150\" height=\"150\" srcset=\"https:\/\/chroniquesdechasse.fr\/wp-content\/uploads\/2017\/01\/IMG_3315-150x150.jpg 150w, https:\/\/chroniquesdechasse.fr\/wp-content\/uploads\/2017\/01\/IMG_3315-230x230.jpg 230w, https:\/\/chroniquesdechasse.fr\/wp-content\/uploads\/2017\/01\/IMG_3315-365x365.jpg 365w\" sizes=\"(max-width: 150px) 100vw, 150px\" \/><\/a><figcaption id=\"caption-attachment-3625\" class=\"wp-caption-text\">Domaines Priv\u00e9s<\/figcaption><\/figure>\n<p>\u00a0<\/p>\n<figure id=\"attachment_3626\" aria-describedby=\"caption-attachment-3626\" style=\"width: 150px\" class=\"wp-caption alignleft\"><a href=\"http:\/\/chroniquesdechasse.fr\/?page_id=1582\"><img loading=\"lazy\" class=\"wp-image-3626 size-thumbnail\" src=\"http:\/\/chroniquesdechasse.fr\/wp-content\/uploads\/2017\/01\/IMG_0445-150x150.jpg\" width=\"150\" height=\"150\" srcset=\"https:\/\/chroniquesdechasse.fr\/wp-content\/uploads\/2017\/01\/IMG_0445-150x150.jpg 150w, https:\/\/chroniquesdechasse.fr\/wp-content\/uploads\/2017\/01\/IMG_0445-230x230.jpg 230w, https:\/\/chroniquesdechasse.fr\/wp-content\/uploads\/2017\/01\/IMG_0445-365x365.jpg 365w\" sizes=\"(max-width: 150px) 100vw, 150px\" \/><\/a><figcaption id=\"caption-attachment-3626\" class=\"wp-caption-text\">Pays Basque<\/figcaption><\/figure>\n<p>\u00a0<\/p>\n<figure id=\"attachment_3627\" aria-describedby=\"caption-attachment-3627\" style=\"width: 150px\" class=\"wp-caption alignleft\"><a href=\"http:\/\/chroniquesdechasse.fr\/?page_id=1395\"><img loading=\"lazy\" class=\"wp-image-3627 size-thumbnail\" src=\"http:\/\/chroniquesdechasse.fr\/wp-content\/uploads\/2017\/01\/IMG_2337-150x150.jpg\" width=\"150\" height=\"150\" srcset=\"https:\/\/chroniquesdechasse.fr\/wp-content\/uploads\/2017\/01\/IMG_2337-150x150.jpg 150w, https:\/\/chroniquesdechasse.fr\/wp-content\/uploads\/2017\/01\/IMG_2337-230x230.jpg 230w, https:\/\/chroniquesdechasse.fr\/wp-content\/uploads\/2017\/01\/IMG_2337-365x365.jpg 365w\" sizes=\"(max-width: 150px) 100vw, 150px\" \/><\/a><figcaption id=\"caption-attachment-3627\" class=\"wp-caption-text\">Approches<\/figcaption><\/figure>\n<p>\u00a0<\/p>\n<figure id=\"attachment_11385\" aria-describedby=\"caption-attachment-11385\" style=\"width: 150px\" class=\"wp-caption alignleft\"><a href=\"http:\/\/chroniquesdechasse.fr\/?page_id=11344\"><img loading=\"lazy\" class=\"wp-image-11385 size-thumbnail\" src=\"http:\/\/chroniquesdechasse.fr\/wp-content\/uploads\/2017\/09\/IMG_0529-150x150.jpg\" alt=\"\" width=\"150\" height=\"150\" srcset=\"https:\/\/chroniquesdechasse.fr\/wp-content\/uploads\/2017\/09\/IMG_0529-150x150.jpg 150w, https:\/\/chroniquesdechasse.fr\/wp-content\/uploads\/2017\/09\/IMG_0529-300x300.jpg 300w, https:\/\/chroniquesdechasse.fr\/wp-content\/uploads\/2017\/09\/IMG_0529-768x768.jpg 768w, https:\/\/chroniquesdechasse.fr\/wp-content\/uploads\/2017\/09\/IMG_0529-1024x1024.jpg 1024w, https:\/\/chroniquesdechasse.fr\/wp-content\/uploads\/2017\/09\/IMG_0529-230x230.jpg 230w, https:\/\/chroniquesdechasse.fr\/wp-content\/uploads\/2017\/09\/IMG_0529-365x365.jpg 365w, https:\/\/chroniquesdechasse.fr\/wp-content\/uploads\/2017\/09\/IMG_0529.jpg 2037w\" sizes=\"(max-width: 150px) 100vw, 150px\" \/><\/a><figcaption id=\"caption-attachment-11385\" class=\"wp-caption-text\">Ball-Trap<\/figcaption><\/figure>\n<p>\u00a0<\/p>\n<figure id=\"attachment_16447\" aria-describedby=\"caption-attachment-16447\" style=\"width: 150px\" class=\"wp-caption alignleft\"><a href=\"http:\/\/chroniquesdechasse.fr\/?page_id=16061\"><img loading=\"lazy\" class=\"wp-image-16447 size-thumbnail\" src=\"http:\/\/chroniquesdechasse.fr\/wp-content\/uploads\/2019\/10\/IMG_7476-1-150x150.jpg\" alt=\"\" width=\"150\" height=\"150\" srcset=\"https:\/\/chroniquesdechasse.fr\/wp-content\/uploads\/2019\/10\/IMG_7476-1-150x150.jpg 150w, https:\/\/chroniquesdechasse.fr\/wp-content\/uploads\/2019\/10\/IMG_7476-1-230x230.jpg 230w, https:\/\/chroniquesdechasse.fr\/wp-content\/uploads\/2019\/10\/IMG_7476-1-365x365.jpg 365w\" sizes=\"(max-width: 150px) 100vw, 150px\" \/><\/a><figcaption id=\"caption-attachment-16447\" class=\"wp-caption-text\">Invitations<\/figcaption><\/figure>\n<p>\u00a0<\/p>\n<figure id=\"attachment_18100\" aria-describedby=\"caption-attachment-18100\" style=\"width: 150px\" class=\"wp-caption alignleft\"><a href=\"http:\/\/chroniquesdechasse.fr\/?page_id=18048\"><img loading=\"lazy\" class=\"wp-image-18100 size-thumbnail\" src=\"http:\/\/chroniquesdechasse.fr\/wp-content\/uploads\/2020\/12\/IMG_8951-150x150.jpg\" alt=\"\" width=\"150\" height=\"150\" srcset=\"https:\/\/chroniquesdechasse.fr\/wp-content\/uploads\/2020\/12\/IMG_8951-150x150.jpg 150w, https:\/\/chroniquesdechasse.fr\/wp-content\/uploads\/2020\/12\/IMG_8951-230x230.jpg 230w, https:\/\/chroniquesdechasse.fr\/wp-content\/uploads\/2020\/12\/IMG_8951-365x365.jpg 365w\" sizes=\"(max-width: 150px) 100vw, 150px\" \/><\/a><figcaption id=\"caption-attachment-18100\" class=\"wp-caption-text\">Rosny sur Seine<\/figcaption><\/figure>\n\n\n<figure class=\"wp-block-image size-thumbnail is-style-default\"><a href=\"http:\/\/chroniquesdechasse.fr\/?page_id=19697\"><img loading=\"lazy\" width=\"150\" height=\"150\" src=\"http:\/\/chroniquesdechasse.fr\/wp-content\/uploads\/2022\/01\/IMG_9641-3-150x150.jpg\" alt=\"HADANCOURT\" class=\"wp-image-19800\" title=\"HADANCOURT\" srcset=\"https:\/\/chroniquesdechasse.fr\/wp-content\/uploads\/2022\/01\/IMG_9641-3-150x150.jpg 150w, https:\/\/chroniquesdechasse.fr\/wp-content\/uploads\/2022\/01\/IMG_9641-3-230x230.jpg 230w, https:\/\/chroniquesdechasse.fr\/wp-content\/uploads\/2022\/01\/IMG_9641-3-365x365.jpg 365w\" sizes=\"(max-width: 150px) 100vw, 150px\" \/><\/a><figcaption>HADANCOURT<\/figcaption><\/figure>\n","protected":false},"excerpt":{"rendered":"<p>Page principale du site : tous mes souvenirs de chasse. Depuis mon 1er permis pour la saison 2008-2009, j&#8217;ai toujours pris des photos de toutes mes journ\u00e9es de chasse pour en faire des Chroniques et des albums souvenirs chaque ann\u00e9e.<\/p>\n","protected":false},"author":1,"featured_media":709,"parent":19697,"menu_order":0,"comment_status":"closed","ping_status":"closed","template":"","meta":[],"_links":{"self":[{"href":"https:\/\/chroniquesdechasse.fr\/index.php?rest_route=\/wp\/v2\/pages\/34"}],"collection":[{"href":"https:\/\/chroniquesdechasse.fr\/index.php?rest_route=\/wp\/v2\/pages"}],"about":[{"href":"https:\/\/chroniquesdechasse.fr\/index.php?rest_route=\/wp\/v2\/types\/page"}],"author":[{"embeddable":true,"href":"https:\/\/chroniquesdechasse.fr\/index.php?rest_route=\/wp\/v2\/users\/1"}],"replies":[{"embeddable":true,"href":"https:\/\/chroniquesdechasse.fr\/index.php?rest_route=%2Fwp%2Fv2%2Fcomments&post=34"}],"version-history":[{"count":61,"href":"https:\/\/chroniquesdechasse.fr\/index.php?rest_route=\/wp\/v2\/pages\/34\/revisions"}],"predecessor-version":[{"id":20466,"href":"https:\/\/chroniquesdechasse.fr\/index.php?rest_route=\/wp\/v2\/pages\/34\/revisions\/20466"}],"up":[{"embeddable":true,"href":"https:\/\/chroniquesdechasse.fr\/index.php?rest_route=\/wp\/v2\/pages\/19697"}],"wp:featuredmedia":[{"embeddable":true,"href":"https:\/\/chroniquesdechasse.fr\/index.php?rest_route=\/wp\/v2\/media\/709"}],"wp:attachment":[{"href":"https:\/\/chroniquesdechasse.fr\/index.php?rest_route=%2Fwp%2Fv2%2Fmedia&parent=34"}],"curies":[{"name":"wp","href":"https:\/\/api.w.org\/{rel}","templated":true}]}}