{"id":1593,"date":"2017-02-28T16:26:06","date_gmt":"2017-02-28T15:26:06","guid":{"rendered":"http:\/\/chroniquesdechasse.fr\/?page_id=1593"},"modified":"2021-01-27T21:35:34","modified_gmt":"2021-01-27T20:35:34","slug":"la-grenouillere","status":"publish","type":"page","link":"https:\/\/chroniquesdechasse.fr\/?page_id=1593","title":{"rendered":"La Grenouill\u00e8re"},"content":{"rendered":"<p>Chasse de\u00a0Grand Gibier,\u00a0&#8220;la <strong>Grenouill\u00e8re<\/strong>&#8221; dans une for\u00eat domaniale.<\/p>\n<p>Massif de Ferri\u00e8res \/ Favi\u00e8res-en-Brie, Seine et Marne, 77220.<\/p>\n<p>&nbsp;<\/p>\n<figure id=\"attachment_11943\" aria-describedby=\"caption-attachment-11943\" style=\"width: 150px\" class=\"wp-caption alignleft\"><a href=\"http:\/\/chroniquesdechasse.fr\/?page_id=12606\"><img loading=\"lazy\" class=\"wp-image-11943 size-thumbnail\" src=\"http:\/\/chroniquesdechasse.fr\/wp-content\/uploads\/2017\/02\/IMG_1281-e1510400506663-150x150.jpg\" alt=\"\" width=\"150\" height=\"150\" srcset=\"https:\/\/chroniquesdechasse.fr\/wp-content\/uploads\/2017\/02\/IMG_1281-e1510400506663-150x150.jpg 150w, https:\/\/chroniquesdechasse.fr\/wp-content\/uploads\/2017\/02\/IMG_1281-e1510400506663-230x230.jpg 230w, https:\/\/chroniquesdechasse.fr\/wp-content\/uploads\/2017\/02\/IMG_1281-e1510400506663-365x365.jpg 365w\" sizes=\"(max-width: 150px) 100vw, 150px\" \/><\/a><figcaption id=\"caption-attachment-11943\" class=\"wp-caption-text\">Grenouill\u00e8re\u00a0\u00a0\u00a0\u00a0\u00a0\u00a0\u00a0\u00a0\u00a0 Saison 2017-18<\/figcaption><\/figure>\n<figure id=\"attachment_18341\" aria-describedby=\"caption-attachment-18341\" style=\"width: 150px\" class=\"wp-caption alignleft\"><a href=\"http:\/\/chroniquesdechasse.fr\/?page_id=18345\"><img loading=\"lazy\" class=\"wp-image-18341 size-thumbnail\" src=\"http:\/\/chroniquesdechasse.fr\/wp-content\/uploads\/2021\/01\/IMG_9287-150x150.jpg\" alt=\"\" width=\"150\" height=\"150\" srcset=\"https:\/\/chroniquesdechasse.fr\/wp-content\/uploads\/2021\/01\/IMG_9287-150x150.jpg 150w, https:\/\/chroniquesdechasse.fr\/wp-content\/uploads\/2021\/01\/IMG_9287-230x230.jpg 230w, https:\/\/chroniquesdechasse.fr\/wp-content\/uploads\/2021\/01\/IMG_9287-365x365.jpg 365w\" sizes=\"(max-width: 150px) 100vw, 150px\" \/><\/a><figcaption id=\"caption-attachment-18341\" class=\"wp-caption-text\">Grenouill\u00e8re &#8211; Saison 2020\/21<\/figcaption><\/figure>\n<p>&nbsp;<\/p>\n<p>&nbsp;<\/p>\n<p>&nbsp;<\/p>\n<p>&nbsp;<\/p>\n<p>&nbsp;<\/p>\n<p>&nbsp;<\/p>\n<figure id=\"attachment_3938\" aria-describedby=\"caption-attachment-3938\" style=\"width: 150px\" class=\"wp-caption alignleft\"><a href=\"http:\/\/chroniquesdechasse.fr\/?page_id=12630\"><img loading=\"lazy\" class=\"wp-image-3938 size-thumbnail\" src=\"http:\/\/chroniquesdechasse.fr\/wp-content\/uploads\/2017\/02\/IMG_6124-1-150x150.jpg\" alt=\"\" width=\"150\" height=\"150\" srcset=\"https:\/\/chroniquesdechasse.fr\/wp-content\/uploads\/2017\/02\/IMG_6124-1-150x150.jpg 150w, https:\/\/chroniquesdechasse.fr\/wp-content\/uploads\/2017\/02\/IMG_6124-1-230x230.jpg 230w, https:\/\/chroniquesdechasse.fr\/wp-content\/uploads\/2017\/02\/IMG_6124-1-365x365.jpg 365w\" sizes=\"(max-width: 150px) 100vw, 150px\" \/><\/a><figcaption id=\"caption-attachment-3938\" class=\"wp-caption-text\">Grenouill\u00e8re \u00a0\u00a0\u00a0\u00a0\u00a0\u00a0\u00a0\u00a0 Saison 2015-16<\/figcaption><\/figure>\n<figure id=\"attachment_3939\" aria-describedby=\"caption-attachment-3939\" style=\"width: 150px\" class=\"wp-caption alignleft\"><a href=\"http:\/\/chroniquesdechasse.fr\/?page_id=12628\"><img loading=\"lazy\" class=\"wp-image-3939 size-thumbnail\" src=\"http:\/\/chroniquesdechasse.fr\/wp-content\/uploads\/2017\/02\/IMG_1987-150x150.jpg\" alt=\"\" width=\"150\" height=\"150\" srcset=\"https:\/\/chroniquesdechasse.fr\/wp-content\/uploads\/2017\/02\/IMG_1987-150x150.jpg 150w, https:\/\/chroniquesdechasse.fr\/wp-content\/uploads\/2017\/02\/IMG_1987-230x230.jpg 230w, https:\/\/chroniquesdechasse.fr\/wp-content\/uploads\/2017\/02\/IMG_1987-365x365.jpg 365w\" sizes=\"(max-width: 150px) 100vw, 150px\" \/><\/a><figcaption id=\"caption-attachment-3939\" class=\"wp-caption-text\">Grenouill\u00e8re \u00a0\u00a0\u00a0\u00a0\u00a0\u00a0\u00a0\u00a0 Saison 2016-17<\/figcaption><\/figure>\n<p>&nbsp;<\/p>\n<p>&nbsp;<\/p>\n<p>&nbsp;<\/p>\n<p>&nbsp;<\/p>\n<p>&nbsp;<\/p>\n<p>&nbsp;<\/p>\n<figure id=\"attachment_3935\" aria-describedby=\"caption-attachment-3935\" style=\"width: 150px\" class=\"wp-caption alignleft\"><a href=\"http:\/\/chroniquesdechasse.fr\/?page_id=12634\"><img loading=\"lazy\" class=\"wp-image-3935 size-thumbnail\" src=\"http:\/\/chroniquesdechasse.fr\/wp-content\/uploads\/2017\/02\/IMG_3508-1-150x150.jpg\" alt=\"\" width=\"150\" height=\"150\" srcset=\"https:\/\/chroniquesdechasse.fr\/wp-content\/uploads\/2017\/02\/IMG_3508-1-150x150.jpg 150w, https:\/\/chroniquesdechasse.fr\/wp-content\/uploads\/2017\/02\/IMG_3508-1-230x230.jpg 230w, https:\/\/chroniquesdechasse.fr\/wp-content\/uploads\/2017\/02\/IMG_3508-1-365x365.jpg 365w\" sizes=\"(max-width: 150px) 100vw, 150px\" \/><\/a><figcaption id=\"caption-attachment-3935\" class=\"wp-caption-text\">Grenouill\u00e8re\u00a0\u00a0\u00a0\u00a0\u00a0\u00a0\u00a0\u00a0\u00a0 Saison 2010-11<\/figcaption><\/figure>\n<figure id=\"attachment_3944\" aria-describedby=\"caption-attachment-3944\" style=\"width: 150px\" class=\"wp-caption alignleft\"><a href=\"http:\/\/chroniquesdechasse.fr\/?page_id=12632\"><img loading=\"lazy\" class=\"wp-image-3944 size-thumbnail\" src=\"http:\/\/chroniquesdechasse.fr\/wp-content\/uploads\/2017\/02\/IMG_4473-150x150.jpg\" alt=\"\" width=\"150\" height=\"150\" srcset=\"https:\/\/chroniquesdechasse.fr\/wp-content\/uploads\/2017\/02\/IMG_4473-150x150.jpg 150w, https:\/\/chroniquesdechasse.fr\/wp-content\/uploads\/2017\/02\/IMG_4473-230x230.jpg 230w, https:\/\/chroniquesdechasse.fr\/wp-content\/uploads\/2017\/02\/IMG_4473-365x365.jpg 365w\" sizes=\"(max-width: 150px) 100vw, 150px\" \/><\/a><figcaption id=\"caption-attachment-3944\" class=\"wp-caption-text\">Grenouill\u00e8re\u00a0\u00a0\u00a0\u00a0\u00a0\u00a0\u00a0\u00a0\u00a0 Saison 2014-15<\/figcaption><\/figure>\n<p>&nbsp;<\/p>\n<p>&nbsp;<\/p>\n<p>&nbsp;<\/p>\n<p>&nbsp;<\/p>\n<p>&nbsp;<\/p>\n<p>&nbsp;<\/p>\n","protected":false},"excerpt":{"rendered":"<p>Chasse de\u00a0Grand Gibier,\u00a0&#8220;la Grenouill\u00e8re&#8221; dans une for\u00eat domaniale. Massif de Ferri\u00e8res \/ Favi\u00e8res-en-Brie, Seine et Marne, 77220. &nbsp; &nbsp; &nbsp; &nbsp; &nbsp; &nbsp; &nbsp; &nbsp; &nbsp; &nbsp; &nbsp; &nbsp; &nbsp; &nbsp; &nbsp; &nbsp; &nbsp; &nbsp; &nbsp;<\/p>\n","protected":false},"author":1,"featured_media":0,"parent":34,"menu_order":0,"comment_status":"closed","ping_status":"closed","template":"","meta":[],"_links":{"self":[{"href":"https:\/\/chroniquesdechasse.fr\/index.php?rest_route=\/wp\/v2\/pages\/1593"}],"collection":[{"href":"https:\/\/chroniquesdechasse.fr\/index.php?rest_route=\/wp\/v2\/pages"}],"about":[{"href":"https:\/\/chroniquesdechasse.fr\/index.php?rest_route=\/wp\/v2\/types\/page"}],"author":[{"embeddable":true,"href":"https:\/\/chroniquesdechasse.fr\/index.php?rest_route=\/wp\/v2\/users\/1"}],"replies":[{"embeddable":true,"href":"https:\/\/chroniquesdechasse.fr\/index.php?rest_route=%2Fwp%2Fv2%2Fcomments&post=1593"}],"version-history":[{"count":34,"href":"https:\/\/chroniquesdechasse.fr\/index.php?rest_route=\/wp\/v2\/pages\/1593\/revisions"}],"predecessor-version":[{"id":18369,"href":"https:\/\/chroniquesdechasse.fr\/index.php?rest_route=\/wp\/v2\/pages\/1593\/revisions\/18369"}],"up":[{"embeddable":true,"href":"https:\/\/chroniquesdechasse.fr\/index.php?rest_route=\/wp\/v2\/pages\/34"}],"wp:attachment":[{"href":"https:\/\/chroniquesdechasse.fr\/index.php?rest_route=%2Fwp%2Fv2%2Fmedia&parent=1593"}],"curies":[{"name":"wp","href":"https:\/\/api.w.org\/{rel}","templated":true}]}}