{"id":15296,"date":"2019-01-23T14:59:22","date_gmt":"2019-01-23T13:59:22","guid":{"rendered":"http:\/\/chroniquesdechasse.fr\/?page_id=15296"},"modified":"2023-01-18T00:07:27","modified_gmt":"2023-01-17T23:07:27","slug":"chasse-en-touraine-avec-jeremy-sache","status":"publish","type":"page","link":"https:\/\/chroniquesdechasse.fr\/?page_id=15296","title":{"rendered":"Chasse en Touraine avec J\u00e9r\u00e9my (Sach\u00e9)."},"content":{"rendered":"","protected":true},"excerpt":{"rendered":"","protected":true},"author":1,"featured_media":0,"parent":1586,"menu_order":0,"comment_status":"closed","ping_status":"closed","template":"","meta":[],"_links":{"self":[{"href":"https:\/\/chroniquesdechasse.fr\/index.php?rest_route=\/wp\/v2\/pages\/15296"}],"collection":[{"href":"https:\/\/chroniquesdechasse.fr\/index.php?rest_route=\/wp\/v2\/pages"}],"about":[{"href":"https:\/\/chroniquesdechasse.fr\/index.php?rest_route=\/wp\/v2\/types\/page"}],"author":[{"embeddable":true,"href":"https:\/\/chroniquesdechasse.fr\/index.php?rest_route=\/wp\/v2\/users\/1"}],"replies":[{"embeddable":true,"href":"https:\/\/chroniquesdechasse.fr\/index.php?rest_route=%2Fwp%2Fv2%2Fcomments&post=15296"}],"version-history":[{"count":13,"href":"https:\/\/chroniquesdechasse.fr\/index.php?rest_route=\/wp\/v2\/pages\/15296\/revisions"}],"predecessor-version":[{"id":21247,"href":"https:\/\/chroniquesdechasse.fr\/index.php?rest_route=\/wp\/v2\/pages\/15296\/revisions\/21247"}],"up":[{"embeddable":true,"href":"https:\/\/chroniquesdechasse.fr\/index.php?rest_route=\/wp\/v2\/pages\/1586"}],"wp:attachment":[{"href":"https:\/\/chroniquesdechasse.fr\/index.php?rest_route=%2Fwp%2Fv2%2Fmedia&parent=15296"}],"curies":[{"name":"wp","href":"https:\/\/api.w.org\/{rel}","templated":true}]}}